{"id":133,"date":"2019-12-30T22:49:31","date_gmt":"2019-12-30T21:49:31","guid":{"rendered":"https:\/\/diebogenhalle.de\/?page_id=133"},"modified":"2021-11-02T20:43:03","modified_gmt":"2021-11-02T19:43:03","slug":"meditation-loslassen","status":"publish","type":"page","link":"https:\/\/diebogenhalle.de\/index.php\/meditation-loslassen\/","title":{"rendered":"Meditation \u201eLoslassen\u201c mit Pfeil und Bogen"},"content":{"rendered":"<h6><span class=\"s5\" style=\"line-height: 14.399999618530273px; font-size: 12px; font-family: Helvetica; color: #333333;\">Es geht nicht um den Ablass beim\u00a0Bogenschie\u00dfen, sondern um das sich wahrnehmen und sich l\u00f6sen k\u00f6nnen.<\/span><\/h6>\n<h6><span class=\"s5\" style=\"line-height: 14.399999618530273px; font-size: 12px; font-family: Helvetica; color: #333333;\">Statt sich<\/span><span class=\"s5\" style=\"line-height: 14.399999618530273px; font-size: 12px; font-family: Helvetica; color: #333333;\"><span class=\"Apple-converted-space\">\u00a0<\/span><\/span><span class=\"s5\" style=\"line-height: 14.399999618530273px; font-size: 12px; font-family: Helvetica; color: #333333;\">immer mehr, durch \u201eVornehmen\u201c, aufzub\u00fcrden, k\u00f6nnen wir in Dankbarkeit loslassen.<\/span><\/h6>\n<h6><span class=\"s7\" style=\"line-height: 14.399999618530273px; color: #333333; font-size: 12px; font-family: Helvetica; font-style: italic;\"><em>\u201eDie abschlie\u00dfende Meditation l\u00e4dt ein, Gef\u00fchle wahrzunehmen, aber sie auch wieder gehen zu lassen. Es ist eine Basis\u00fcbung, um alle Empfindungen und Gef\u00fchle, die das eigene Ich betreffen, zuzulassen, ohne sich damit zu \u2013identifizieren- und darin festzuh\u00e4ngen. Obwohl die \u00dcbung simpel erscheint, kann sie starke Auswirkungen auf Ihr Gef\u00fchl zu sich selbst haben. Sie ist daher ausschlie\u00dflich f\u00fcr seelisch \u00a0gesunde und stabile Menschen geeignet.\u201c<\/em><\/span><span class=\"s7\" style=\"line-height: 14.399999618530273px; color: #333333; font-size: 12px; font-family: Helvetica; font-style: italic;\"><em><br \/><\/em><\/span><span class=\"s7\" style=\"line-height: 14.399999618530273px; color: #333333; font-size: 12px; font-family: Helvetica; font-style: italic;\"><em>Ursula Wagner, in \u2013 Die Kunst des Alleinseins -, S.201ff\u00a0Zitat 128<\/em><\/span><\/h6>\n<h6><span class=\"s5\" style=\"line-height: 14.399999618530273px; font-size: 12px; font-family: Helvetica; color: #333333;\">Wir werden nicht auf dem Boden sitzen,\u00a0<\/span><span class=\"s5\" style=\"line-height: 14.399999618530273px; font-size: 12px; font-family: Helvetica; color: #333333;\">zieht<\/span><span class=\"s5\" style=\"line-height: 14.399999618530273px; font-size: 12px; font-family: Helvetica; color: #333333;\">\u00a0Euch bitte dennoch warm und bequem an.<\/span><\/h6>\n<h6><span class=\"s5\" style=\"line-height: 14.399999618530273px; font-size: 12px; font-family: Helvetica; color: #333333;\">Ihr k\u00f6nnt Eure gewohnte Ausr\u00fcstung verwenden. Gerne die B\u00f6gen mit leichterem Zuggewicht. Falls erw\u00fcnscht,\u00a0k\u00f6nnen diese auch bei Andi oder mir ausgeliehen werden.<\/span><\/h6>\n<p>\u00a0<\/p>\n<p>Rado<\/p>\n<p>\u00a0<\/p>\n<p>Ort: dieBogenhalle, F\u00fcrth<\/p>\n\n\n<p><h6>Dauer: ca. 30 bis 60 Minuten<\/h6><\/p>\n\n\n\n<p><h6>Kosten: der regul\u00e4re\u00a0Beitrag f\u00fcr den Besuch der Bogenhalle.<br>Gegebenenfalls etwas in die Spendenbox.<\/h6><\/p>\n<br>Maximal k\u00f6nnen 6 Personen teilnehmen.<\/h6><\/p>\n\n\n\n<p>Anmeldung <a href=\"https:\/\/diebogenhalle.de\/index.php\/buchungskalender-meditation-loslassen\/\" target=\"_blank\" rel=\"noreferrer noopener\">hier<\/a>!<\/p>\n\n\n\n<figure class=\"wp-block-image\"><img decoding=\"async\" loading=\"lazy\" width=\"1024\" height=\"576\" src=\"https:\/\/diebogenhalle.de\/wp-content\/uploads\/2019\/12\/97A872D4-2944-400E-BC2A-69BD0009402D-1024x576.jpeg\" alt=\"\" class=\"wp-image-134\" srcset=\"https:\/\/diebogenhalle.de\/wp-content\/uploads\/2019\/12\/97A872D4-2944-400E-BC2A-69BD0009402D-1024x576.jpeg 1024w, https:\/\/diebogenhalle.de\/wp-content\/uploads\/2019\/12\/97A872D4-2944-400E-BC2A-69BD0009402D-300x169.jpeg 300w, https:\/\/diebogenhalle.de\/wp-content\/uploads\/2019\/12\/97A872D4-2944-400E-BC2A-69BD0009402D-768x432.jpeg 768w\" sizes=\"(max-width: 767px) 89vw, (max-width: 1000px) 54vw, (max-width: 1071px) 543px, 580px\" \/><\/figure>\n\n\n\n<figure class=\"wp-block-image\"><img decoding=\"async\" loading=\"lazy\" width=\"1024\" height=\"576\" src=\"https:\/\/diebogenhalle.de\/wp-content\/uploads\/2019\/12\/C056F390-6268-47E6-8D86-4C1C94A54C66-1024x576.jpeg\" alt=\"\" class=\"wp-image-137\" srcset=\"https:\/\/diebogenhalle.de\/wp-content\/uploads\/2019\/12\/C056F390-6268-47E6-8D86-4C1C94A54C66-1024x576.jpeg 1024w, https:\/\/diebogenhalle.de\/wp-content\/uploads\/2019\/12\/C056F390-6268-47E6-8D86-4C1C94A54C66-300x169.jpeg 300w, https:\/\/diebogenhalle.de\/wp-content\/uploads\/2019\/12\/C056F390-6268-47E6-8D86-4C1C94A54C66-768x432.jpeg 768w\" sizes=\"(max-width: 767px) 89vw, (max-width: 1000px) 54vw, (max-width: 1071px) 543px, 580px\" \/><\/figure>\n","protected":false},"excerpt":{"rendered":"<p>Es geht nicht um den Ablass beim\u00a0Bogenschie\u00dfen, sondern um das sich wahrnehmen und sich l\u00f6sen k\u00f6nnen. Statt sich\u00a0immer mehr, durch \u201eVornehmen\u201c, aufzub\u00fcrden, k\u00f6nnen wir in Dankbarkeit loslassen. \u201eDie abschlie\u00dfende Meditation l\u00e4dt ein, Gef\u00fchle wahrzunehmen, aber sie auch wieder gehen zu lassen. Es ist eine Basis\u00fcbung, um alle Empfindungen und Gef\u00fchle, die das eigene Ich betreffen, &hellip; <\/p>\n<p class=\"link-more\"><a href=\"https:\/\/diebogenhalle.de\/index.php\/meditation-loslassen\/\" class=\"more-link\"><span class=\"screen-reader-text\">\u201eMeditation \u201eLoslassen\u201c mit Pfeil und Bogen\u201c<\/span> weiterlesen<\/a><\/p>\n","protected":false},"author":2,"featured_media":0,"parent":0,"menu_order":0,"comment_status":"closed","ping_status":"closed","template":"","meta":[],"_links":{"self":[{"href":"https:\/\/diebogenhalle.de\/index.php\/wp-json\/wp\/v2\/pages\/133"}],"collection":[{"href":"https:\/\/diebogenhalle.de\/index.php\/wp-json\/wp\/v2\/pages"}],"about":[{"href":"https:\/\/diebogenhalle.de\/index.php\/wp-json\/wp\/v2\/types\/page"}],"author":[{"embeddable":true,"href":"https:\/\/diebogenhalle.de\/index.php\/wp-json\/wp\/v2\/users\/2"}],"replies":[{"embeddable":true,"href":"https:\/\/diebogenhalle.de\/index.php\/wp-json\/wp\/v2\/comments?post=133"}],"version-history":[{"count":16,"href":"https:\/\/diebogenhalle.de\/index.php\/wp-json\/wp\/v2\/pages\/133\/revisions"}],"predecessor-version":[{"id":432,"href":"https:\/\/diebogenhalle.de\/index.php\/wp-json\/wp\/v2\/pages\/133\/revisions\/432"}],"wp:attachment":[{"href":"https:\/\/diebogenhalle.de\/index.php\/wp-json\/wp\/v2\/media?parent=133"}],"curies":[{"name":"wp","href":"https:\/\/api.w.org\/{rel}","templated":true}]}}