{"id":180,"date":"2020-06-07T14:25:23","date_gmt":"2020-06-07T12:25:23","guid":{"rendered":"https:\/\/diebogenhalle.de\/?page_id=180"},"modified":"2022-04-03T11:29:37","modified_gmt":"2022-04-03T09:29:37","slug":"nutzungsbedingungen","status":"publish","type":"page","link":"https:\/\/diebogenhalle.de\/index.php\/nutzungsbedingungen\/","title":{"rendered":"Nutzungsbestimmungen"},"content":{"rendered":"\n<p>&nbsp;<strong>Allgemeine Nutzungs- und Sicherheitsbestimmungen<\/strong><\/p>\n\n\n\n<p>1. Nutzungserlaubnis<\/p>\n\n\n\n<ol><li>Die Bogen-Trainingshalle darf nur von Berechtigten benutzt werden, die diese Nutzungsbestimmungen gelesen und durch Aktivieren der Checkbox beim Online-Buchungsvorgang akzeptiert haben.<\/li><li>Sch\u00fctzen unter 18 Jahre d\u00fcrfen nur in Begleitung eines Vollj\u00e4hrigen und erfahrenen Sch\u00fctzen, mindestens aber von einem von uns in den Bogensport eingewiesenen Erwachsenen am Schiessbetrieb teilnehmen.<\/li><li>Grunds\u00e4tzlich gilt, dass ein selbst\u00e4ndiges Schie\u00dfen auf dem Gel\u00e4nde erst nach Beherrschung einer grundlegenden Schiesstechnik erlaubt ist.<\/li><li>Das Anleiten von Personen ist nur durch von uns zertifizierten Trainern erlaubt. Eigenst\u00e4ndig durchgef\u00fchrte Veranstaltungen jedweder Art sind nur auf Anfrage erlaubt und k\u00f6nnen durch uns zur Durchf\u00fchrung in unserer Bogenhalle auch nicht freigegeben werden!<\/li><li>Die Halle darf bis 20:00 Uhr genutzt werden, danach nur mit besonderer Erlaubnis und einer L\u00e4rmvermeidungsstrategie!<\/li><\/ol>\n\n\n\n<p>2. Haftung und Versicherung<\/p>\n\n\n\n<ol><li>Die Nutzung der Bogen-Trainingshalle erfolgt ausschlie\u00dflich auf eigene Gefahr, eine Haftung des Betreibers und des Grundst\u00fcckseigent\u00fcmers ist ausgeschlossen, soweit dies gesetzlich zul\u00e4ssig ist.<\/li><li>Der Betreiber und der Eigent\u00fcmer treten f\u00fcr evtl. Sch\u00e4den der Nutzer nicht ein.<\/li><li>Jeder Nutzer der Halle muss \u00fcber eine ausreichende private Haftpflichtversicherung verf\u00fcgen. Dies muss nachgewiesen werden.<\/li><\/ol>\n\n\n\n<p>3. Sicherheit<\/p>\n\n\n\n<ol><li>Folgende Sicherheitsbestimmungen sind zwingend einzuhalten!<\/li><li>Vor Beginn des Schie\u00dfens tr\u00e4gt sich jeder Nutzer mit Namen, Datum in das ausliegende Trainingshallen-Buch ein.<\/li><li>Wegen der besonderen Gef\u00e4hrdung d\u00fcrfen sich Kinder nicht unbeaufsichtigt in der Halle aufhalten. Die Eltern haften f\u00fcr ihre Kinder.<\/li><li>Alkohol ist auf dem gesamten Gel\u00e4nde nicht erlaubt. Dementsprechend ist auch der Alkoholgenuss vor und w\u00e4hrend des Schie\u00dfens untersagt.<\/li><li>Sch\u00fctzen, die in angetrunkenem Zustand das Gel\u00e4nde betreten, wird das Schie\u00dfen untersagt.<\/li><li>Sind bei Ankunft bereits weitere Sch\u00fctzen oder Personen auf dem Gel\u00e4nde, ist besondere Vorsicht beim Schie\u00dfen erforderlich.<\/li><li>Es darf nur auf die aufgestellten Ziele in Zielrichtung geschossen werden.<\/li><li>Vor jedem Schuss hat sich jeder Sch\u00fctze zu vergewissern, dass die Schiessbahn (auch hinter dem Ziel) frei von Personen und Tieren ist.<\/li><li>Jeder der nicht schie\u00dft, hat sich neben oder hinter dem Sch\u00fctzen aufzuhalten; keiner darf sich vor einen Sch\u00fctzen stellen.<\/li><li>Der Pfeil darf erst unmittelbar vor dem Schie\u00dfen auf den Bogen gelegt werden.<\/li><li>Ver\u00e4nderungen an den Zielen d\u00fcrfen nur in Absprache mit dem Betreiber vorgenommen werden.<\/li><\/ol>\n\n\n\n<p>4. Sonstiges<\/p>\n\n\n\n<ol><li>Das Mitbringen von Haustieren aller Art (insbesondere Hunde) auf das Schie\u00dfgel\u00e4nde ist grunds\u00e4tzlich nicht erlaubt.<\/li><li>Jeder Anwesende ist angehalten, auf Sauberkeit des Gel\u00e4ndes zu achten und keinen M\u00fcll zu hinterlassen. Nach dem Sport bitten wir um Reinigung des Zielbereiches.<\/li><li>Das Rauchen ist nur au\u00dferhalb der Geb\u00e4ude erlaubt.<\/li><li>Den Anweisungen von Trainern und des Hallenwartes ist Folge zu leisten.<\/li><li>Die Halle darf nach 20:00 Uhr nur nach R\u00fccksprache mit dem Betreiber der Halle genutzt werden. Es bedarf nach der eventuellen Erlaubnis gro\u00dfe R\u00fccksicht auf die Nachbarn. L\u00e4rm ist unbedingt zu vermeiden. Das gro\u00dfe Rolltor ist geschlossen zu halten, die T\u00fcre leise zu schliessen!<\/li><\/ol>\n\n\n\n<p>5. Behandlung der Ziele<\/p>\n\n\n\n<ol><li>Es sind ausschlie\u00dflich Scheiben- und 3D Spitzen erlaubt &#8211; Jagdpfeile und andere Spitzen sind verboten.<\/li><li>Besch\u00e4digungen an den Zielen und evtl. auftretende Sicherheitsm\u00e4ngel in der Halle sind umgehend den Verantwortlichen zu melden.<\/li><li>Die Pfeile sind materialschonend aus den Zielen zu ziehen.<\/li><\/ol>\n\n\n\n<p>6. <strong>Corona-Empfehlung<\/strong><\/p>\n\n\n\n<ol><li>Ab Sonntag, den 03. April 2022 werden bayernweit die Corona-Ma\u00dfnahmen aufgehoben.<br>Das bedeutet aber nicht zwingend, dass es diesen Virus nicht mehr gibt.<br>Wir appellieren an den gesunden Menschenverstand und bitten euch, im Falle von \u201eUnwohlsein, das auf eine Virus-Infektion zur\u00fcckzuf\u00fchren ist\u201c auf den Besuch unserer Bogenhalle zu verzichten. <br>Es steht den Besuchern frei, eine Mund- und Nasenmaske zu tragen.<br>Desinfizierungsma\u00dfnahmen und Wahrung von Abst\u00e4nden (soweit es m\u00f6glich ist!) d\u00fcrfen gerne weiter \u201egelebt\u201c werden.<\/li><li><span style=\"font-size: 1rem;\">Die Anzahl der Personen pro Schie\u00dfbahn regelt sich nach der im Buchungskalender vorgegebenen Personenanzahl und ist ZWINGEND einzuhalten!<\/span><br><\/li><\/ol>\n\n\n\n<p>Es wird hier noch einmal darauf hingewiesen, dass ein Versto\u00df gegen diese Regeln zu einem sofortigen Ausschluss vom Schiessbetrieb und Verweis vom Gel\u00e4nde sowie zur Aufl\u00f6sung aller Vertr\u00e4ge f\u00fchrt.&nbsp; &nbsp; &nbsp; &nbsp; &nbsp; &nbsp; &nbsp; &nbsp; &nbsp; &nbsp; &nbsp; &nbsp; &nbsp; &nbsp; &nbsp; &nbsp; &nbsp; &nbsp; &nbsp; &nbsp; &nbsp; &nbsp; &nbsp; &nbsp; &nbsp; &nbsp; &nbsp; &nbsp; &nbsp; &nbsp; &nbsp; &nbsp; &nbsp; &nbsp; &nbsp; &nbsp; gez. Michael Fuchs \/ Andreas Stock<\/p>\n","protected":false},"excerpt":{"rendered":"<p>&nbsp;Allgemeine Nutzungs- und Sicherheitsbestimmungen 1. Nutzungserlaubnis Die Bogen-Trainingshalle darf nur von Berechtigten benutzt werden, die diese Nutzungsbestimmungen gelesen und durch Aktivieren der Checkbox beim Online-Buchungsvorgang akzeptiert haben. Sch\u00fctzen unter 18 Jahre d\u00fcrfen nur in Begleitung eines Vollj\u00e4hrigen und erfahrenen Sch\u00fctzen, mindestens aber von einem von uns in den Bogensport eingewiesenen Erwachsenen am Schiessbetrieb teilnehmen. Grunds\u00e4tzlich &hellip; <\/p>\n<p class=\"link-more\"><a href=\"https:\/\/diebogenhalle.de\/index.php\/nutzungsbedingungen\/\" class=\"more-link\"><span class=\"screen-reader-text\">\u201eNutzungsbestimmungen\u201c<\/span> weiterlesen<\/a><\/p>\n","protected":false},"author":2,"featured_media":0,"parent":0,"menu_order":0,"comment_status":"closed","ping_status":"closed","template":"","meta":[],"_links":{"self":[{"href":"https:\/\/diebogenhalle.de\/index.php\/wp-json\/wp\/v2\/pages\/180"}],"collection":[{"href":"https:\/\/diebogenhalle.de\/index.php\/wp-json\/wp\/v2\/pages"}],"about":[{"href":"https:\/\/diebogenhalle.de\/index.php\/wp-json\/wp\/v2\/types\/page"}],"author":[{"embeddable":true,"href":"https:\/\/diebogenhalle.de\/index.php\/wp-json\/wp\/v2\/users\/2"}],"replies":[{"embeddable":true,"href":"https:\/\/diebogenhalle.de\/index.php\/wp-json\/wp\/v2\/comments?post=180"}],"version-history":[{"count":18,"href":"https:\/\/diebogenhalle.de\/index.php\/wp-json\/wp\/v2\/pages\/180\/revisions"}],"predecessor-version":[{"id":526,"href":"https:\/\/diebogenhalle.de\/index.php\/wp-json\/wp\/v2\/pages\/180\/revisions\/526"}],"wp:attachment":[{"href":"https:\/\/diebogenhalle.de\/index.php\/wp-json\/wp\/v2\/media?parent=180"}],"curies":[{"name":"wp","href":"https:\/\/api.w.org\/{rel}","templated":true}]}}