{"id":2,"date":"2019-01-15T12:40:13","date_gmt":"2019-01-15T11:40:13","guid":{"rendered":"https:\/\/diebogenhalle.de\/?page_id=2"},"modified":"2025-02-10T14:13:10","modified_gmt":"2025-02-10T13:13:10","slug":"home","status":"publish","type":"page","link":"https:\/\/diebogenhalle.de\/","title":{"rendered":"Die Bogenhalle"},"content":{"rendered":"\n<p>Willkommen in der Bogenhalle in F\u00fcrth!<br><br>Bitte nutzt das Buchungssystem, um euch die jeweilige Schie\u00dfbahn zu reservieren.<br>Danke!<\/p>\n\n\n\n<p>Wir freuen uns, euch wieder in der Bogenhalle begr\u00fc\u00dfen zu d\u00fcrfen.<br>Achtet auf euch.<br><br>Liebe Gr\u00fc\u00dfe<br>Michel und Andi<\/p>\n\n\n\n<p><\/p>\n","protected":false},"excerpt":{"rendered":"<p>Willkommen in der Bogenhalle in F\u00fcrth! Bitte nutzt das Buchungssystem, um euch die jeweilige Schie\u00dfbahn zu reservieren.Danke! Wir freuen uns, euch wieder in der Bogenhalle begr\u00fc\u00dfen zu d\u00fcrfen.Achtet auf euch. Liebe Gr\u00fc\u00dfeMichel und Andi<\/p>\n","protected":false},"author":2,"featured_media":0,"parent":0,"menu_order":0,"comment_status":"closed","ping_status":"closed","template":"","meta":[],"_links":{"self":[{"href":"https:\/\/diebogenhalle.de\/index.php\/wp-json\/wp\/v2\/pages\/2"}],"collection":[{"href":"https:\/\/diebogenhalle.de\/index.php\/wp-json\/wp\/v2\/pages"}],"about":[{"href":"https:\/\/diebogenhalle.de\/index.php\/wp-json\/wp\/v2\/types\/page"}],"author":[{"embeddable":true,"href":"https:\/\/diebogenhalle.de\/index.php\/wp-json\/wp\/v2\/users\/2"}],"replies":[{"embeddable":true,"href":"https:\/\/diebogenhalle.de\/index.php\/wp-json\/wp\/v2\/comments?post=2"}],"version-history":[{"count":20,"href":"https:\/\/diebogenhalle.de\/index.php\/wp-json\/wp\/v2\/pages\/2\/revisions"}],"predecessor-version":[{"id":627,"href":"https:\/\/diebogenhalle.de\/index.php\/wp-json\/wp\/v2\/pages\/2\/revisions\/627"}],"wp:attachment":[{"href":"https:\/\/diebogenhalle.de\/index.php\/wp-json\/wp\/v2\/media?parent=2"}],"curies":[{"name":"wp","href":"https:\/\/api.w.org\/{rel}","templated":true}]}}