{"id":29,"date":"2019-01-19T17:08:18","date_gmt":"2019-01-19T16:08:18","guid":{"rendered":"https:\/\/diebogenhalle.de\/?page_id=29"},"modified":"2022-04-03T11:34:44","modified_gmt":"2022-04-03T09:34:44","slug":"anfahrt-oeffnungszeiten","status":"publish","type":"page","link":"https:\/\/diebogenhalle.de\/index.php\/anfahrt-oeffnungszeiten\/","title":{"rendered":"Anfahrt \/ \u00d6ffnungszeiten"},"content":{"rendered":"\n<p>Die Bogenhalle befindet sich in der Sonnenstra\u00dfe 33 in F\u00fcrth.<\/p>\n\n\n\n<p>Sie steht aktiven Bogensch\u00fctzen zwischen 10:00 und 20:00 Uhr zur Verf\u00fcgung.<br><br>Ab sofort m\u00fcssen Schie\u00dfzeiten gebucht werden.<br>Dazu bitte in der Menuleiste auf \u201eBuchungskalender Schie\u00dfbahnen\u201c klicken, dort dann die  gew\u00fcnschte Halle und Schie\u00dfbahn ausw\u00e4hlen.<br>Bis auf Weiteres sind die Bahnen f\u00fcr maximal 2 Stunden zu buchen.<br><br>ACHTUNG!<br>Bogensch\u00fctzInnen, die die Bogenhalle zum ersten Mal nutzen wollen, m\u00fcssen vorab zwischen Montag und Freitag in die Bogenhalle zur Registrierung kommen.<br>Dazu bitte <a href=\"https:\/\/justbows.de\/click-for-shopping\/\" target=\"_blank\" rel=\"noreferrer noopener\">hier<\/a> einen Termin buchen. (30 Minuten sind ausreichend!)<br>Erst danach sind \u201eWochenendbuchungen\u201c m\u00f6glich! Danke!<br><br>Viel Spa\u00df!<\/p>\n","protected":false},"excerpt":{"rendered":"<p>Die Bogenhalle befindet sich in der Sonnenstra\u00dfe 33 in F\u00fcrth. Sie steht aktiven Bogensch\u00fctzen zwischen 10:00 und 20:00 Uhr zur Verf\u00fcgung. Ab sofort m\u00fcssen Schie\u00dfzeiten gebucht werden.Dazu bitte in der Menuleiste auf \u201eBuchungskalender Schie\u00dfbahnen\u201c klicken, dort dann die gew\u00fcnschte Halle und Schie\u00dfbahn ausw\u00e4hlen.Bis auf Weiteres sind die Bahnen f\u00fcr maximal 2 Stunden zu buchen. ACHTUNG!Bogensch\u00fctzInnen, &hellip; <\/p>\n<p class=\"link-more\"><a href=\"https:\/\/diebogenhalle.de\/index.php\/anfahrt-oeffnungszeiten\/\" class=\"more-link\"><span class=\"screen-reader-text\">\u201eAnfahrt \/ \u00d6ffnungszeiten\u201c<\/span> weiterlesen<\/a><\/p>\n","protected":false},"author":2,"featured_media":0,"parent":0,"menu_order":0,"comment_status":"closed","ping_status":"closed","template":"","meta":[],"_links":{"self":[{"href":"https:\/\/diebogenhalle.de\/index.php\/wp-json\/wp\/v2\/pages\/29"}],"collection":[{"href":"https:\/\/diebogenhalle.de\/index.php\/wp-json\/wp\/v2\/pages"}],"about":[{"href":"https:\/\/diebogenhalle.de\/index.php\/wp-json\/wp\/v2\/types\/page"}],"author":[{"embeddable":true,"href":"https:\/\/diebogenhalle.de\/index.php\/wp-json\/wp\/v2\/users\/2"}],"replies":[{"embeddable":true,"href":"https:\/\/diebogenhalle.de\/index.php\/wp-json\/wp\/v2\/comments?post=29"}],"version-history":[{"count":14,"href":"https:\/\/diebogenhalle.de\/index.php\/wp-json\/wp\/v2\/pages\/29\/revisions"}],"predecessor-version":[{"id":529,"href":"https:\/\/diebogenhalle.de\/index.php\/wp-json\/wp\/v2\/pages\/29\/revisions\/529"}],"wp:attachment":[{"href":"https:\/\/diebogenhalle.de\/index.php\/wp-json\/wp\/v2\/media?parent=29"}],"curies":[{"name":"wp","href":"https:\/\/api.w.org\/{rel}","templated":true}]}}