{"id":50,"date":"2019-01-19T17:42:32","date_gmt":"2019-01-19T16:42:32","guid":{"rendered":"https:\/\/diebogenhalle.de\/?page_id=50"},"modified":"2026-03-17T15:19:15","modified_gmt":"2026-03-17T14:19:15","slug":"offenes-training","status":"publish","type":"page","link":"https:\/\/diebogenhalle.de\/index.php\/offenes-training\/","title":{"rendered":"Offenes Training"},"content":{"rendered":"\n<p>Seit Januar 2025 bieten wir jeden Donnerstag von 18.00 bis 20.00 Uhr Bogensch\u00fctzen ohne eigene Ausr\u00fcstung die M\u00f6glichkeit, sich beim \u201eoffenen Training\u201c anzumelden!<\/p>\n\n\n\n<p>Voraussetzung: vorherige Teilnahme an einem Schnupper- oder Einsteigerkurs.<\/p>\n\n\n\n<p>Inhalt des \u201eoffenen Trainings\u201c: <br>bei Bedarf Bereitstellung des Materials (Bogen, Pfeile, Schutzausr\u00fcstung).<br>Bei Bedarf kurze Auffrischung Kursinhalt \u201eSchnupper- oder Einsteigerkurs\u201c!<br>(nicht zu verwechseln mit einem Individualkurs \u201eFehleranalyse\u201c!<br>Dieser kann separat bei Fuchs&amp;Stier oder bei justbows.de gebucht werden!)<br> <br>Ort offenes Training: kleine Halle (ist reserviert f\u00fcr diesen Zeitraum)<\/p>\n\n\n\n<p>Selbstverst\u00e4ndlich k\u00f6nnen auch Kursteilnehmer am \u201eoffenen Training\u201c teilnehmen, die sich schon f\u00fcr eine eigene Ausr\u00fcstung entschieden haben!<\/p>\n\n\n\n<p><a rel=\"noreferrer noopener\" href=\"https:\/\/diebogenhalle.de\/index.php\/buchungskalender-offenes-training\/\" target=\"_blank\">Hier<\/a> geht es zur Buchung.<\/p>\n","protected":false},"excerpt":{"rendered":"<p>Seit Januar 2025 bieten wir jeden Donnerstag von 18.00 bis 20.00 Uhr Bogensch\u00fctzen ohne eigene Ausr\u00fcstung die M\u00f6glichkeit, sich beim \u201eoffenen Training\u201c anzumelden! Voraussetzung: vorherige Teilnahme an einem Schnupper- oder Einsteigerkurs. Inhalt des \u201eoffenen Trainings\u201c: bei Bedarf Bereitstellung des Materials (Bogen, Pfeile, Schutzausr\u00fcstung).Bei Bedarf kurze Auffrischung Kursinhalt \u201eSchnupper- oder Einsteigerkurs\u201c!(nicht zu verwechseln mit einem Individualkurs &hellip; <\/p>\n<p class=\"link-more\"><a href=\"https:\/\/diebogenhalle.de\/index.php\/offenes-training\/\" class=\"more-link\"><span class=\"screen-reader-text\">\u201eOffenes Training\u201c<\/span> weiterlesen<\/a><\/p>\n","protected":false},"author":2,"featured_media":0,"parent":0,"menu_order":0,"comment_status":"closed","ping_status":"closed","template":"","meta":[],"_links":{"self":[{"href":"https:\/\/diebogenhalle.de\/index.php\/wp-json\/wp\/v2\/pages\/50"}],"collection":[{"href":"https:\/\/diebogenhalle.de\/index.php\/wp-json\/wp\/v2\/pages"}],"about":[{"href":"https:\/\/diebogenhalle.de\/index.php\/wp-json\/wp\/v2\/types\/page"}],"author":[{"embeddable":true,"href":"https:\/\/diebogenhalle.de\/index.php\/wp-json\/wp\/v2\/users\/2"}],"replies":[{"embeddable":true,"href":"https:\/\/diebogenhalle.de\/index.php\/wp-json\/wp\/v2\/comments?post=50"}],"version-history":[{"count":22,"href":"https:\/\/diebogenhalle.de\/index.php\/wp-json\/wp\/v2\/pages\/50\/revisions"}],"predecessor-version":[{"id":652,"href":"https:\/\/diebogenhalle.de\/index.php\/wp-json\/wp\/v2\/pages\/50\/revisions\/652"}],"wp:attachment":[{"href":"https:\/\/diebogenhalle.de\/index.php\/wp-json\/wp\/v2\/media?parent=50"}],"curies":[{"name":"wp","href":"https:\/\/api.w.org\/{rel}","templated":true}]}}