{"id":92,"date":"2019-08-15T10:27:14","date_gmt":"2019-08-15T08:27:14","guid":{"rendered":"https:\/\/diebogenhalle.de\/?page_id=92"},"modified":"2019-08-15T10:30:46","modified_gmt":"2019-08-15T08:30:46","slug":"veranstaltungen","status":"publish","type":"page","link":"https:\/\/diebogenhalle.de\/index.php\/veranstaltungen\/","title":{"rendered":"Veranstaltungen"},"content":{"rendered":"\n<p>Mit ein Teil des Konzeptes f\u00fcr die neue Bogenhalle war es auch, verschiedene Veranstaltungen durchzuf\u00fchren.<\/p>\n\n\n\n<p>Mit \u201eStruktur und Freiheit\u201c starten wir als \u201eDieBogenhalle\u201c  in dieses spannende Metier.<\/p>\n\n\n\n<p>Im Fr\u00fchling 2020 geplant ist ein Bogenbau-Seminar. N\u00e4here Infos folgen hier in K\u00fcrze.<\/p>\n","protected":false},"excerpt":{"rendered":"<p>Mit ein Teil des Konzeptes f\u00fcr die neue Bogenhalle war es auch, verschiedene Veranstaltungen durchzuf\u00fchren. Mit \u201eStruktur und Freiheit\u201c starten wir als \u201eDieBogenhalle\u201c in dieses spannende Metier. Im Fr\u00fchling 2020 geplant ist ein Bogenbau-Seminar. N\u00e4here Infos folgen hier in K\u00fcrze.<\/p>\n","protected":false},"author":2,"featured_media":0,"parent":0,"menu_order":0,"comment_status":"closed","ping_status":"closed","template":"","meta":[],"_links":{"self":[{"href":"https:\/\/diebogenhalle.de\/index.php\/wp-json\/wp\/v2\/pages\/92"}],"collection":[{"href":"https:\/\/diebogenhalle.de\/index.php\/wp-json\/wp\/v2\/pages"}],"about":[{"href":"https:\/\/diebogenhalle.de\/index.php\/wp-json\/wp\/v2\/types\/page"}],"author":[{"embeddable":true,"href":"https:\/\/diebogenhalle.de\/index.php\/wp-json\/wp\/v2\/users\/2"}],"replies":[{"embeddable":true,"href":"https:\/\/diebogenhalle.de\/index.php\/wp-json\/wp\/v2\/comments?post=92"}],"version-history":[{"count":2,"href":"https:\/\/diebogenhalle.de\/index.php\/wp-json\/wp\/v2\/pages\/92\/revisions"}],"predecessor-version":[{"id":94,"href":"https:\/\/diebogenhalle.de\/index.php\/wp-json\/wp\/v2\/pages\/92\/revisions\/94"}],"wp:attachment":[{"href":"https:\/\/diebogenhalle.de\/index.php\/wp-json\/wp\/v2\/media?parent=92"}],"curies":[{"name":"wp","href":"https:\/\/api.w.org\/{rel}","templated":true}]}}